{"id":5,"date":"2024-01-28T13:14:14","date_gmt":"2024-01-28T13:14:14","guid":{"rendered":"https:\/\/subtilite.pl\/?page_id=5"},"modified":"2025-11-15T18:22:43","modified_gmt":"2025-11-15T18:22:43","slug":"tworz-swoja-witryne-za-pomoca-blokow","status":"publish","type":"page","link":"https:\/\/subtilite.pl\/","title":{"rendered":"Untitled"},"content":{"rendered":"\n<figure class=\"wp-block-image alignwide size-large\"><img loading=\"lazy\" decoding=\"async\" width=\"1024\" height=\"1024\" src=\"http:\/\/subtilite.pl\/wp-content\/uploads\/2024\/01\/0C54D254-A49A-4103-930C-3AA8E94C3B98-1024x1024.jpg\" alt=\"Subtilit\u00e9 Sauvignon Blanc \u2022 Touraine \u2022 Val De Loire \" class=\"wp-image-30\" srcset=\"https:\/\/subtilite.pl\/wp-content\/uploads\/2024\/01\/0C54D254-A49A-4103-930C-3AA8E94C3B98-1024x1024.jpg 1024w, https:\/\/subtilite.pl\/wp-content\/uploads\/2024\/01\/0C54D254-A49A-4103-930C-3AA8E94C3B98-300x300.jpg 300w, https:\/\/subtilite.pl\/wp-content\/uploads\/2024\/01\/0C54D254-A49A-4103-930C-3AA8E94C3B98-150x150.jpg 150w, https:\/\/subtilite.pl\/wp-content\/uploads\/2024\/01\/0C54D254-A49A-4103-930C-3AA8E94C3B98-768x768.jpg 768w, https:\/\/subtilite.pl\/wp-content\/uploads\/2024\/01\/0C54D254-A49A-4103-930C-3AA8E94C3B98.jpg 1080w\" sizes=\"auto, (max-width: 1024px) 100vw, 1024px\" \/><\/figure>\n\n\n\n<div class=\"wp-block-group alignfull has-black-color has-white-background-color has-text-color has-background has-link-color wp-elements-8a701d83911d411b877df40b1c3957a3\"><div class=\"wp-block-group__inner-container is-layout-constrained wp-block-group-is-layout-constrained\"><\/div><\/div>\n\n\n\n<div class=\"wp-block-group alignwide\"><div class=\"wp-block-group__inner-container is-layout-constrained wp-block-group-is-layout-constrained\">\n<p class=\"has-text-align-left has-black-color has-text-color has-link-color wp-elements-f47cb29060eb64804e09b7e32c406697\">\u2022 REGION: Francja, Dolina Loary <\/p>\n\n\n\n<p class=\"has-text-align-left has-black-color has-text-color has-link-color wp-elements-6f2224027df6bcef8404049c59ffeb2f\">\u2022 APELACJA: AOC Touraine            <\/p>\n\n\n\n<p class=\"has-text-align-left has-black-color has-text-color has-link-color wp-elements-8678f2e81ce6bc9243dd848a0b9bdb08\">\u2022 KOLOR: Bia\u0142e<\/p>\n\n\n\n<p class=\"has-text-align-left has-black-color has-text-color has-link-color wp-elements-8f53f10816fbf04bc8e145bbad45ca36\"> \u2022 SZCZEP: 100% Sauvignon<\/p>\n<\/div><\/div>\n\n\n\n<p><\/p>\n\n\n\n<p><\/p>\n\n\n\n<p><\/p>\n\n\n\n<p class=\"has-text-align-center has-green-color has-white-background-color has-text-color has-background has-link-color wp-elements-0b11dde727ffd85b7e7254ad77c10eb4\"><strong>TERROIR I PRODUKCJA WINA<\/strong><\/p>\n\n\n\n<p class=\"has-text-align-left has-black-color has-text-color has-link-color wp-elements-f41cf74a60b6dc38e703b89319af0892\">Wino powsta\u0142o ze starannie wyselekcjonowanych i zebranych r\u0119cznie winogron pochodz\u0105cych z winnic zlokalizowanych na prawym brzegu rzeki Cher. Stoki charakteryzuj\u0105 si\u0119 gleb\u0105 wapienno- ilast\u0105 nazywan\u0105 w tym rejonie &#8220;perruches&#8221;. Po zbiorze winogrona poddawane s\u0105 wst\u0119pnej maceracji i nast\u0119pnie niskotemperaturowej fermentacji w\u0142a\u015bciwej, po kt\u00f3rej wino dojrzewa przez 6 miesi\u0119cy w stalowych zbiornikach.<\/p>\n\n\n\n<p class=\"has-black-color has-text-color has-link-color wp-elements-9ac00cf961d1ea846fe5a532228b76c6\"><\/p>\n\n\n\n<p class=\"has-text-align-center has-green-color has-text-color has-link-color wp-elements-9cae5cffc678f7cd2805106117cf4fec\"><strong>DEGUSTACJA<\/strong><\/p>\n\n\n\n<p class=\"has-black-color has-text-color has-link-color wp-elements-89ffe4601ad8df7d5ce54dd53257392c\">Sauvignon Blanc Touarine charakteryzuje si\u0119 stonowan\u0105 przejrzysto\u015bci\u0105 o z\u0142otej barwie z wyra\u017anymi zielonymi odcieniami. Bukiet pe\u0142en zielonych owoc\u00f3w z wyra\u017anym agrestem i zielonym jab\u0142kiem na czele. W ustach pe\u0142ne, o charakterystycznym smaku m\u0142odego zielonego jab\u0142ka, z od\u015bwie\u017caj\u0105c\u0105 nut\u0105 pokrzywy. Mineralny finisz z posmakiem sk\u00f3rki grejpfruta z delikatn\u0105 pikanteri\u0105 na ko\u0144cu podniebienia.<\/p>\n\n\n\n<p class=\"has-text-align-center has-green-color has-text-color has-link-color wp-elements-51cc65ca12a7c99963699f2bf2c79c57\">SPOS\u00d3B PODANIA I PAROWANIE:<\/p>\n\n\n\n<p class=\"has-text-align-center\">Temp. 10-12\u00b0C \u2022 owoce morza \u2022 bia\u0142a ryba \u2022 sa\u0142atka \u2022 aperitif<\/p>\n\n\n\n<div class=\"wp-block-group alignfull is-style-default\"><div class=\"wp-block-group__inner-container is-layout-constrained wp-block-group-is-layout-constrained\"><\/div><\/div>\n\n\n\n<p><\/p>\n","protected":false},"excerpt":{"rendered":"<p>\u2022 REGION: Francja, Dolina Loary \u2022 APELACJA: AOC Touraine \u2022 KOLOR: Bia\u0142e \u2022 SZCZEP: 100% Sauvignon TERROIR I PRODUKCJA WINA Wino powsta\u0142o ze starannie wyselekcjonowanych i zebranych r\u0119cznie winogron pochodz\u0105cych z winnic zlokalizowanych na prawym brzegu rzeki Cher. Stoki charakteryzuj\u0105 si\u0119 gleb\u0105 wapienno- ilast\u0105 nazywan\u0105 w tym rejonie &#8220;perruches&#8221;. Po zbiorze winogrona poddawane s\u0105 wst\u0119pnej&hellip; <a class=\"more-link\" href=\"https:\/\/subtilite.pl\/\">Continue reading <span class=\"screen-reader-text\">Untitled<\/span><\/a><\/p>\n","protected":false},"author":1,"featured_media":0,"parent":0,"menu_order":0,"comment_status":"closed","ping_status":"closed","template":"","meta":{"om_disable_all_campaigns":false,"_monsterinsights_skip_tracking":false,"_monsterinsights_sitenote_active":false,"_monsterinsights_sitenote_note":"","_monsterinsights_sitenote_category":0,"footnotes":""},"class_list":["post-5","page","type-page","status-publish","hentry","entry"],"aioseo_notices":[],"_links":{"self":[{"href":"https:\/\/subtilite.pl\/index.php?rest_route=\/wp\/v2\/pages\/5","targetHints":{"allow":["GET"]}}],"collection":[{"href":"https:\/\/subtilite.pl\/index.php?rest_route=\/wp\/v2\/pages"}],"about":[{"href":"https:\/\/subtilite.pl\/index.php?rest_route=\/wp\/v2\/types\/page"}],"author":[{"embeddable":true,"href":"https:\/\/subtilite.pl\/index.php?rest_route=\/wp\/v2\/users\/1"}],"replies":[{"embeddable":true,"href":"https:\/\/subtilite.pl\/index.php?rest_route=%2Fwp%2Fv2%2Fcomments&post=5"}],"version-history":[{"count":34,"href":"https:\/\/subtilite.pl\/index.php?rest_route=\/wp\/v2\/pages\/5\/revisions"}],"predecessor-version":[{"id":100,"href":"https:\/\/subtilite.pl\/index.php?rest_route=\/wp\/v2\/pages\/5\/revisions\/100"}],"wp:attachment":[{"href":"https:\/\/subtilite.pl\/index.php?rest_route=%2Fwp%2Fv2%2Fmedia&parent=5"}],"curies":[{"name":"wp","href":"https:\/\/api.w.org\/{rel}","templated":true}]}}